{"id":1664,"date":"2024-03-27T01:14:45","date_gmt":"2024-03-27T01:14:45","guid":{"rendered":"https:\/\/nailsheaven.pl\/?page_id=1664"},"modified":"2024-12-05T14:13:28","modified_gmt":"2024-12-05T14:13:28","slug":"stylizacja-brwi-katowice","status":"publish","type":"page","link":"https:\/\/nailsheaven.pl\/en\/stylizacja-brwi-katowice\/","title":{"rendered":"Eyebrow styling"},"content":{"rendered":"<div data-elementor-type=\"wp-page\" data-elementor-id=\"1664\" class=\"elementor elementor-1664\" data-elementor-post-type=\"page\">\n\t\t\t\t<div class=\"elementor-element elementor-element-e15ebd7 e-flex e-con-boxed e-con e-parent\" data-id=\"e15ebd7\" data-element_type=\"container\" data-e-type=\"container\">\n\t\t\t\t\t<div class=\"e-con-inner\">\n\t\t\t\t\t<\/div>\n\t\t\t\t<\/div>\n\t\t<div class=\"elementor-element elementor-element-2bcf891 e-flex e-con-boxed e-con e-parent\" data-id=\"2bcf891\" data-element_type=\"container\" data-e-type=\"container\" data-settings=\"{&quot;background_background&quot;:&quot;classic&quot;}\">\n\t\t\t\t\t<div class=\"e-con-inner\">\n\t\t<div class=\"elementor-element elementor-element-e87fe6b e-con-full e-flex e-con e-child\" data-id=\"e87fe6b\" data-element_type=\"container\" data-e-type=\"container\">\n\t\t\t\t<div class=\"elementor-element elementor-element-ab0df8d elementor-widget elementor-widget-text-editor\" data-id=\"ab0df8d\" data-element_type=\"widget\" data-e-type=\"widget\" data-widget_type=\"text-editor.default\">\n\t\t\t\t\t\t\t\t\t<p><span style=\"font-weight: 400;\">Welcome to our salon, where we offer high-quality eyebrow styling services. Our experienced specialists will help you find the perfect eyebrow shape, tailored to your face and your preferences. We use precise techniques to achieve a harmonious and proportionate eyebrow line.<\/span><\/p><p><span style=\"font-weight: 400;\">We also offer eyebrow regeneration and thickening treatments that will help strengthen and regenerate the hair, providing them with a healthy look and density. For those looking for a long-lasting effect and intense color, we offer henna and eyebrow tinting services. Thanks to them, you will achieve a beautiful eyebrow color that will last for a long time.<\/span><\/p><p><span style=\"font-weight: 400;\">Our eyebrow modeling and lamination techniques will allow you to achieve a striking look, emphasizing the natural shape, taming even the most unruly hairs.<\/span><\/p><p><span style=\"font-weight: 400;\">Trust our knowledge and experience to enhance your expressive look and feel more confident every day. Book your appointment today and enjoy beautiful and well-groomed eyebrows!<\/span><\/p>\t\t\t\t\t\t\t\t<\/div>\n\t\t\t\t<\/div>\n\t\t<div class=\"elementor-element elementor-element-7e895c7 e-con-full e-flex e-con e-child\" data-id=\"7e895c7\" data-element_type=\"container\" data-e-type=\"container\">\n\t\t\t\t<div class=\"elementor-element elementor-element-4c75ad3 elementor-widget elementor-widget-image\" data-id=\"4c75ad3\" data-element_type=\"widget\" data-e-type=\"widget\" data-widget_type=\"image.default\">\n\t\t\t\t\t\t\t\t\t\t\t\t\t\t\t<img fetchpriority=\"high\" decoding=\"async\" width=\"800\" height=\"800\" src=\"https:\/\/nailsheaven.pl\/wp-content\/uploads\/2024\/03\/01-1024x1024.jpg\" class=\"attachment-large size-large wp-image-1686\" alt=\"Paznokcie - Osoba z d\u0142ugimi w\u0142osami le\u017cy na plecach podczas zabiegu stylizacja brwi w Katowicach. D\u0142onie w czarnych r\u0119kawiczkach u\u017cywaj\u0105 p\u0119dzla i narz\u0119dzia do brwi, a delikatnie rozmyte t\u0142o podkre\u015bla twarz i wyraz twarzy osoby. - Katowice\" srcset=\"https:\/\/nailsheaven.pl\/wp-content\/uploads\/2024\/03\/01-1024x1024.jpg 1024w, https:\/\/nailsheaven.pl\/wp-content\/uploads\/2024\/03\/01-300x300.jpg 300w, https:\/\/nailsheaven.pl\/wp-content\/uploads\/2024\/03\/01-150x150.jpg 150w, https:\/\/nailsheaven.pl\/wp-content\/uploads\/2024\/03\/01-768x768.jpg 768w, https:\/\/nailsheaven.pl\/wp-content\/uploads\/2024\/03\/01-720x720.jpg 720w, https:\/\/nailsheaven.pl\/wp-content\/uploads\/2024\/03\/01-12x12.jpg 12w, https:\/\/nailsheaven.pl\/wp-content\/uploads\/2024\/03\/01-600x600.jpg 600w, https:\/\/nailsheaven.pl\/wp-content\/uploads\/2024\/03\/01-100x100.jpg 100w, https:\/\/nailsheaven.pl\/wp-content\/uploads\/2024\/03\/01.jpg 1080w\" sizes=\"(max-width: 800px) 100vw, 800px\" \/>\t\t\t\t\t\t\t\t\t\t\t\t\t\t\t<\/div>\n\t\t\t\t<\/div>\n\t\t\t\t\t<\/div>\n\t\t\t\t<\/div>\n\t\t<div class=\"elementor-element elementor-element-dab11cc e-flex e-con-boxed e-con e-parent\" data-id=\"dab11cc\" data-element_type=\"container\" data-e-type=\"container\">\n\t\t\t\t\t<div class=\"e-con-inner\">\n\t\t<div class=\"elementor-element elementor-element-34c4c48 e-con-full e-flex e-con e-child\" data-id=\"34c4c48\" data-element_type=\"container\" data-e-type=\"container\">\n\t\t\t\t<div class=\"elementor-element elementor-element-aaade28 elementor-widget elementor-widget-heading\" data-id=\"aaade28\" data-element_type=\"widget\" data-e-type=\"widget\" data-widget_type=\"heading.default\">\n\t\t\t\t\t<h2 class=\"elementor-heading-title elementor-size-default\">Eyebrow lamination Katowice<\/h2>\t\t\t\t<\/div>\n\t\t\t\t<div class=\"elementor-element elementor-element-8c71602 elementor-widget elementor-widget-text-editor\" data-id=\"8c71602\" data-element_type=\"widget\" data-e-type=\"widget\" data-widget_type=\"text-editor.default\">\n\t\t\t\t\t\t\t\t\t<p><span style=\"font-weight: 400;\">The top procedure of recent years when it comes to eyebrow styling, thanks to which we achieve the effect of fluffy brows without the use of soap or other styling products, because after the procedure the hairs are more prone to rearrangement and positioned on the skin. As a result, the brow is optically thickened and wider while looking very natural.<\/span><\/p>\t\t\t\t\t\t\t\t<\/div>\n\t\t\t\t<\/div>\n\t\t<div class=\"elementor-element elementor-element-afee811 e-con-full e-flex e-con e-child\" data-id=\"afee811\" data-element_type=\"container\" data-e-type=\"container\">\n\t\t\t\t<div class=\"elementor-element elementor-element-f5808da elementor-widget elementor-widget-image\" data-id=\"f5808da\" data-element_type=\"widget\" data-e-type=\"widget\" data-widget_type=\"image.default\">\n\t\t\t\t\t\t\t\t\t\t\t\t\t\t\t<img decoding=\"async\" width=\"800\" height=\"400\" src=\"https:\/\/nailsheaven.pl\/wp-content\/uploads\/2024\/03\/02.jpg\" class=\"attachment-large size-large wp-image-1688\" alt=\"Paznokcie - Osoba z zamkni\u0119tymi oczami otrzymuje piel\u0119gnacj\u0119 brwi, podkre\u015blaj\u0105c stylizacja brwi Katowice. R\u0119ka w r\u0119kawiczce trzyma p\u0119dzel, aby nada\u0107 kszta\u0142t brwiom, podczas gdy inne narz\u0119dzie jest ustawione w pobli\u017cu. Miejscem jest prawdopodobnie salon lub spa, z naciskiem na precyzj\u0119 i piel\u0119gnacj\u0119. - Katowice\" srcset=\"https:\/\/nailsheaven.pl\/wp-content\/uploads\/2024\/03\/02.jpg 1000w, https:\/\/nailsheaven.pl\/wp-content\/uploads\/2024\/03\/02-300x150.jpg 300w, https:\/\/nailsheaven.pl\/wp-content\/uploads\/2024\/03\/02-768x384.jpg 768w, https:\/\/nailsheaven.pl\/wp-content\/uploads\/2024\/03\/02-18x9.jpg 18w, https:\/\/nailsheaven.pl\/wp-content\/uploads\/2024\/03\/02-600x300.jpg 600w\" sizes=\"(max-width: 800px) 100vw, 800px\" \/>\t\t\t\t\t\t\t\t\t\t\t\t\t\t\t<\/div>\n\t\t\t\t<\/div>\n\t\t\t\t\t<\/div>\n\t\t\t\t<\/div>\n\t\t<div class=\"elementor-element elementor-element-1990308 e-flex e-con-boxed e-con e-parent\" data-id=\"1990308\" data-element_type=\"container\" data-e-type=\"container\">\n\t\t\t\t\t<div class=\"e-con-inner\">\n\t\t<div class=\"elementor-element elementor-element-e839e80 e-con-full e-flex e-con e-child\" data-id=\"e839e80\" data-element_type=\"container\" data-e-type=\"container\">\n\t\t\t\t<div class=\"elementor-element elementor-element-60b2f72 elementor-widget elementor-widget-heading\" data-id=\"60b2f72\" data-element_type=\"widget\" data-e-type=\"widget\" data-widget_type=\"heading.default\">\n\t\t\t\t\t<h2 class=\"elementor-heading-title elementor-size-default\">Eyebrow lamination with tinting Katowice<\/h2>\t\t\t\t<\/div>\n\t\t\t\t<div class=\"elementor-element elementor-element-8a8cec0 elementor-widget elementor-widget-text-editor\" data-id=\"8a8cec0\" data-element_type=\"widget\" data-e-type=\"widget\" data-widget_type=\"text-editor.default\">\n\t\t\t\t\t\t\t\t\t<p><span style=\"font-weight: 400;\">In addition to lamination, this treatment includes coloring with dye, so that we can beautifully emphasize the lower eyebrow line and fill in any gaps. The color is selected to harmonize with the client's beauty. You don't have to worry about an exaggerated or dark effect even if you are blonde.<\/span><\/p>\t\t\t\t\t\t\t\t<\/div>\n\t\t\t\t<\/div>\n\t\t<div class=\"elementor-element elementor-element-4a40954 e-con-full e-flex e-con e-child\" data-id=\"4a40954\" data-element_type=\"container\" data-e-type=\"container\">\n\t\t\t\t<div class=\"elementor-element elementor-element-156d0ba elementor-widget elementor-widget-image\" data-id=\"156d0ba\" data-element_type=\"widget\" data-e-type=\"widget\" data-widget_type=\"image.default\">\n\t\t\t\t\t\t\t\t\t\t\t\t\t\t\t<img decoding=\"async\" width=\"800\" height=\"400\" src=\"https:\/\/nailsheaven.pl\/wp-content\/uploads\/2024\/03\/03.jpg\" class=\"attachment-large size-large wp-image-1687\" alt=\"Paznokcie - Osoba z zamkni\u0119tymi oczami ma nawlekane brwi przez inn\u0105 osob\u0119 w r\u00f3\u017cowych r\u0119kawiczkach, co podkre\u015bla delikatn\u0105 sztuk\u0119 stylizacji brwi. Sceneria w Katowicach jest delikatnie rozmyta, co zapewnia, \u017ce proces nawlekania pozostaje punktem centralnym. - Katowice\" srcset=\"https:\/\/nailsheaven.pl\/wp-content\/uploads\/2024\/03\/03.jpg 1000w, https:\/\/nailsheaven.pl\/wp-content\/uploads\/2024\/03\/03-300x150.jpg 300w, https:\/\/nailsheaven.pl\/wp-content\/uploads\/2024\/03\/03-768x384.jpg 768w, https:\/\/nailsheaven.pl\/wp-content\/uploads\/2024\/03\/03-18x9.jpg 18w, https:\/\/nailsheaven.pl\/wp-content\/uploads\/2024\/03\/03-600x300.jpg 600w\" sizes=\"(max-width: 800px) 100vw, 800px\" \/>\t\t\t\t\t\t\t\t\t\t\t\t\t\t\t<\/div>\n\t\t\t\t<\/div>\n\t\t\t\t\t<\/div>\n\t\t\t\t<\/div>\n\t\t<div class=\"elementor-element elementor-element-be3c27c e-flex e-con-boxed e-con e-parent\" data-id=\"be3c27c\" data-element_type=\"container\" data-e-type=\"container\">\n\t\t\t\t\t<div class=\"e-con-inner\">\n\t\t<div class=\"elementor-element elementor-element-fa9d42a e-con-full e-flex e-con e-child\" data-id=\"fa9d42a\" data-element_type=\"container\" data-e-type=\"container\">\n\t\t\t\t<div class=\"elementor-element elementor-element-e55c414 elementor-widget elementor-widget-heading\" data-id=\"e55c414\" data-element_type=\"widget\" data-e-type=\"widget\" data-widget_type=\"heading.default\">\n\t\t\t\t\t<h2 class=\"elementor-heading-title elementor-size-default\">Eyebrow coloring with powder henna or dye Katowice<\/h2>\t\t\t\t<\/div>\n\t\t\t\t<div class=\"elementor-element elementor-element-a18e777 elementor-widget elementor-widget-text-editor\" data-id=\"a18e777\" data-element_type=\"widget\" data-e-type=\"widget\" data-widget_type=\"text-editor.default\">\n\t\t\t\t\t\t\t\t\t<p><span style=\"font-weight: 400;\">Eyebrow coloring goes to the next level! Not sure which form of coloring to opt for ? You do not know what shape your eyebrows should have to best suit you ? Rest assured, you are in the hands of professionals who will choose the dye optimally matched to your expectations and give the right shape. Powder Henna gives you unlimited color possibilities , emphasizing the lower line and filling in the gaps, while nourishing the hair . With dye , we also give shape , but the effect is softer than with powder henna .<\/span><\/p>\t\t\t\t\t\t\t\t<\/div>\n\t\t\t\t<\/div>\n\t\t<div class=\"elementor-element elementor-element-4902781 e-con-full e-flex e-con e-child\" data-id=\"4902781\" data-element_type=\"container\" data-e-type=\"container\">\n\t\t\t\t<div class=\"elementor-element elementor-element-08b2efc elementor-widget elementor-widget-image\" data-id=\"08b2efc\" data-element_type=\"widget\" data-e-type=\"widget\" data-widget_type=\"image.default\">\n\t\t\t\t\t\t\t\t\t\t\t\t\t\t\t<img loading=\"lazy\" decoding=\"async\" width=\"800\" height=\"400\" src=\"https:\/\/nailsheaven.pl\/wp-content\/uploads\/2024\/03\/04.jpg\" class=\"attachment-large size-large wp-image-1689\" alt=\"Paznokcie - Zbli\u017cenie osoby profesjonalnie nak\u0142adaj\u0105cej makija\u017c brwi p\u0119dzlem, prezentuj\u0105ce stylizacj\u0119 brwi Katowice. Uwaga skupiona jest na starannie wyprofilowanych brwiach, kt\u00f3re s\u0105 wype\u0142niane, demonstruj\u0105c precyzyjn\u0105 technik\u0119 na jasnej sk\u00f3rze z uderzaj\u0105co niebieskimi oczami. - Katowice\" srcset=\"https:\/\/nailsheaven.pl\/wp-content\/uploads\/2024\/03\/04.jpg 1000w, https:\/\/nailsheaven.pl\/wp-content\/uploads\/2024\/03\/04-300x150.jpg 300w, https:\/\/nailsheaven.pl\/wp-content\/uploads\/2024\/03\/04-768x384.jpg 768w, https:\/\/nailsheaven.pl\/wp-content\/uploads\/2024\/03\/04-18x9.jpg 18w, https:\/\/nailsheaven.pl\/wp-content\/uploads\/2024\/03\/04-600x300.jpg 600w\" sizes=\"(max-width: 800px) 100vw, 800px\" \/>\t\t\t\t\t\t\t\t\t\t\t\t\t\t\t<\/div>\n\t\t\t\t<\/div>\n\t\t\t\t\t<\/div>\n\t\t\t\t<\/div>\n\t\t<div class=\"elementor-element elementor-element-4372920 e-flex e-con-boxed e-con e-parent\" data-id=\"4372920\" data-element_type=\"container\" data-e-type=\"container\">\n\t\t\t\t\t<div class=\"e-con-inner\">\n\t\t<div class=\"elementor-element elementor-element-2baf36c e-con-full e-flex e-con e-child\" data-id=\"2baf36c\" data-element_type=\"container\" data-e-type=\"container\">\n\t\t\t\t<div class=\"elementor-element elementor-element-83b155d elementor-widget elementor-widget-heading\" data-id=\"83b155d\" data-element_type=\"widget\" data-e-type=\"widget\" data-widget_type=\"heading.default\">\n\t\t\t\t\t<h2 class=\"elementor-heading-title elementor-size-default\">Happiness for eyebrows - SPA treatment Katowice<\/h2>\t\t\t\t<\/div>\n\t\t\t\t<div class=\"elementor-element elementor-element-96a3f87 elementor-widget elementor-widget-text-editor\" data-id=\"96a3f87\" data-element_type=\"widget\" data-e-type=\"widget\" data-widget_type=\"text-editor.default\">\n\t\t\t\t\t\t\t\t\t<p><span style=\"font-weight: 400;\">Are your eyebrows dry, in need of nourishment or regeneration after chemical treatments performed incorrectly? , \"Happiness for eyebrows\" is the strongest and best-performing botox for eyebrows, and its effects are visible for up to 21 days. In addition to the aforementioned regeneration , it affects the growth and density of eyebrows, smooths the hair scale , nourishing it from within. The treatment takes about 15 minutes, leaving the hair shiny and resilient. It contains only natural ingredients.<\/span><\/p>\t\t\t\t\t\t\t\t<\/div>\n\t\t\t\t<\/div>\n\t\t<div class=\"elementor-element elementor-element-e3d153e e-con-full e-flex e-con e-child\" data-id=\"e3d153e\" data-element_type=\"container\" data-e-type=\"container\">\n\t\t\t\t<div class=\"elementor-element elementor-element-3c35049 elementor-widget elementor-widget-image\" data-id=\"3c35049\" data-element_type=\"widget\" data-e-type=\"widget\" data-widget_type=\"image.default\">\n\t\t\t\t\t\t\t\t\t\t\t\t\t\t\t<img loading=\"lazy\" decoding=\"async\" width=\"800\" height=\"400\" src=\"https:\/\/nailsheaven.pl\/wp-content\/uploads\/2024\/03\/06-1.jpg\" class=\"attachment-large size-large wp-image-1692\" alt=\"Paznokcie - Zbli\u017cenie osoby wykonuj\u0105cej tatua\u017c brwi pokazuje technika w czarnych r\u0119kawiczkach, kt\u00f3ry u\u017cywa z\u0142otego d\u0142ugopisu do nak\u0142adania pigmentu. Ta stylizacja brwi w Katowicach podkre\u015bla kszta\u0142t i pe\u0142ni\u0119, doskonal\u0105c brwi z precyzj\u0105 i dba\u0142o\u015bci\u0105. - Katowice\" srcset=\"https:\/\/nailsheaven.pl\/wp-content\/uploads\/2024\/03\/06-1.jpg 1000w, https:\/\/nailsheaven.pl\/wp-content\/uploads\/2024\/03\/06-1-300x150.jpg 300w, https:\/\/nailsheaven.pl\/wp-content\/uploads\/2024\/03\/06-1-768x384.jpg 768w, https:\/\/nailsheaven.pl\/wp-content\/uploads\/2024\/03\/06-1-18x9.jpg 18w, https:\/\/nailsheaven.pl\/wp-content\/uploads\/2024\/03\/06-1-600x300.jpg 600w\" sizes=\"(max-width: 800px) 100vw, 800px\" \/>\t\t\t\t\t\t\t\t\t\t\t\t\t\t\t<\/div>\n\t\t\t\t<\/div>\n\t\t\t\t\t<\/div>\n\t\t\t\t<\/div>\n\t\t<div class=\"elementor-element elementor-element-f543a77 e-flex e-con-boxed e-con e-parent\" data-id=\"f543a77\" data-element_type=\"container\" data-e-type=\"container\">\n\t\t\t\t\t<div class=\"e-con-inner\">\n\t\t\t\t<div class=\"elementor-element elementor-element-d029763 elementor-align-justify elementor-widget elementor-widget-button\" data-id=\"d029763\" data-element_type=\"widget\" data-e-type=\"widget\" data-widget_type=\"button.default\">\n\t\t\t\t\t\t\t\t\t\t<a class=\"elementor-button elementor-button-link elementor-size-sm\" href=\"https:\/\/nailsheaven23.booksy.com\/pl-pl\/202548_nail-s-heaven_paznokcie_11597_katowice\">\n\t\t\t\t\t\t<span class=\"elementor-button-content-wrapper\">\n\t\t\t\t\t\t\t\t\t<span class=\"elementor-button-text\">Make an appointment<\/span>\n\t\t\t\t\t<\/span>\n\t\t\t\t\t<\/a>\n\t\t\t\t\t\t\t\t<\/div>\n\t\t\t\t\t<\/div>\n\t\t\t\t<\/div>\n\t\t\t\t<\/div>","protected":false},"excerpt":{"rendered":"<p>Witamy w naszym salonie, gdzie oferujemy wysokiej jako\u015bci us\u0142ugi zwi\u0105zane ze stylizacj\u0105 brwi. Nasze do\u015bwiadczone specjalistki pomog\u0105 Ci znale\u017a\u0107 idealny kszta\u0142t brwi, dopasowany do Twojej twarzy i Twoich preferencji. Wykorzystujemy precyzyjne techniki, aby uzyska\u0107 harmonijn\u0105 i proporcjonaln\u0105 linie brwi. Oferujemy tak\u017ce zabiegi regeneruj\u0105ce i zag\u0119szczaj\u0105ce brwi, kt\u00f3re pomog\u0105 wzmocni\u0107 i zregenerowa\u0107 w\u0142oski, zapewniaj\u0105c im zdrowy [&hellip;]<\/p>\n","protected":false},"author":4,"featured_media":0,"parent":0,"menu_order":3,"comment_status":"closed","ping_status":"closed","template":"","meta":{"_seopress_robots_primary_cat":"","_seopress_titles_title":"","_seopress_titles_desc":"Stylizacja brwi Katowice - Popraw sw\u00f3j wygl\u0105d dzi\u0119ki fachowej stylizacji brwi w Katowicach w Nails Heaven. Nasi wykwalifikowani technicy wyrze\u017abi\u0105 Twoje brwi do perfekcji, dope\u0142niaj\u0105c Twoje naturalne pi\u0119kno.","_seopress_robots_index":"","footnotes":""},"class_list":["post-1664","page","type-page","status-publish"],"_links":{"self":[{"href":"https:\/\/nailsheaven.pl\/en\/wp-json\/wp\/v2\/pages\/1664","targetHints":{"allow":["GET"]}}],"collection":[{"href":"https:\/\/nailsheaven.pl\/en\/wp-json\/wp\/v2\/pages"}],"about":[{"href":"https:\/\/nailsheaven.pl\/en\/wp-json\/wp\/v2\/types\/page"}],"author":[{"embeddable":true,"href":"https:\/\/nailsheaven.pl\/en\/wp-json\/wp\/v2\/users\/4"}],"replies":[{"embeddable":true,"href":"https:\/\/nailsheaven.pl\/en\/wp-json\/wp\/v2\/comments?post=1664"}],"version-history":[{"count":8,"href":"https:\/\/nailsheaven.pl\/en\/wp-json\/wp\/v2\/pages\/1664\/revisions"}],"predecessor-version":[{"id":3923,"href":"https:\/\/nailsheaven.pl\/en\/wp-json\/wp\/v2\/pages\/1664\/revisions\/3923"}],"wp:attachment":[{"href":"https:\/\/nailsheaven.pl\/en\/wp-json\/wp\/v2\/media?parent=1664"}],"curies":[{"name":"wp","href":"https:\/\/api.w.org\/{rel}","templated":true}]}}