{"id":836,"date":"2017-02-03T13:19:45","date_gmt":"2017-02-03T13:19:45","guid":{"rendered":"http:\/\/www.nicdarkthemes.com\/themes\/beauty\/wp\/demo\/beauty-salon\/?page_id=836"},"modified":"2024-12-05T14:12:25","modified_gmt":"2024-12-05T14:12:25","slug":"o-nas-salon-katowice","status":"publish","type":"page","link":"https:\/\/nailsheaven.pl\/de\/o-nas-salon-katowice\/","title":{"rendered":"Manik\u00fcre- und Pedik\u00fcresalon in Kattowitz"},"content":{"rendered":"<div data-elementor-type=\"wp-page\" data-elementor-id=\"836\" class=\"elementor elementor-836\" data-elementor-post-type=\"page\">\n\t\t\t\t<div class=\"elementor-element elementor-element-2b16b0e1 e-flex e-con-boxed e-con e-parent\" data-id=\"2b16b0e1\" data-element_type=\"container\" data-e-type=\"container\">\n\t\t\t\t\t<div class=\"e-con-inner\">\n\t\t\t\t<div class=\"elementor-element elementor-element-6e0bbe8 elementor-widget elementor-widget-heading\" data-id=\"6e0bbe8\" data-element_type=\"widget\" data-e-type=\"widget\" data-widget_type=\"heading.default\">\n\t\t\t\t\t<h1 class=\"elementor-heading-title elementor-size-default\">\u00dcber uns - Manik\u00fcre und Pedik\u00fcre in Kattowitz \n<\/h1>\t\t\t\t<\/div>\n\t\t\t\t\t<\/div>\n\t\t\t\t<\/div>\n\t\t<div class=\"elementor-element elementor-element-f69051c e-flex e-con-boxed e-con e-parent\" data-id=\"f69051c\" data-element_type=\"container\" data-e-type=\"container\">\n\t\t\t\t\t<div class=\"e-con-inner\">\n\t\t<div class=\"elementor-element elementor-element-7227718 e-con-full e-flex e-con e-child\" data-id=\"7227718\" data-element_type=\"container\" data-e-type=\"container\">\n\t\t\t\t<div class=\"elementor-element elementor-element-87512ad elementor-widget elementor-widget-gallery\" data-id=\"87512ad\" data-element_type=\"widget\" data-e-type=\"widget\" data-settings=\"{&quot;gallery_layout&quot;:&quot;masonry&quot;,&quot;columns&quot;:2,&quot;gap&quot;:{&quot;unit&quot;:&quot;px&quot;,&quot;size&quot;:1,&quot;sizes&quot;:[]},&quot;image_hover_animation&quot;:&quot;grow&quot;,&quot;lazyload&quot;:&quot;yes&quot;,&quot;columns_tablet&quot;:2,&quot;columns_mobile&quot;:1,&quot;gap_tablet&quot;:{&quot;unit&quot;:&quot;px&quot;,&quot;size&quot;:10,&quot;sizes&quot;:[]},&quot;gap_mobile&quot;:{&quot;unit&quot;:&quot;px&quot;,&quot;size&quot;:10,&quot;sizes&quot;:[]},&quot;link_to&quot;:&quot;file&quot;,&quot;content_hover_animation&quot;:&quot;fade-in&quot;}\" data-widget_type=\"gallery.default\">\n\t\t\t\t\t\t\t<div class=\"elementor-gallery__container\">\n\t\t\t\t\t\t\t<a class=\"e-gallery-item elementor-gallery-item elementor-animated-content\" href=\"https:\/\/nailsheaven.pl\/wp-content\/uploads\/2023\/10\/MG_3053.jpg\">\n\t\t\t\t\t<div class=\"e-gallery-image elementor-gallery-item__image\" data-thumbnail=\"https:\/\/nailsheaven.pl\/wp-content\/uploads\/2023\/10\/MG_3053-1024x683.jpg\" data-width=\"800\" data-height=\"534\" aria-label=\"Nails \u2013 Die moderne, elegant gestaltete Pedik\u00fcre-Station in Katowice verf\u00fcgt \u00fcber zwei beige Pl\u00fcschst\u00fchle und Fu\u00dfhocker hinter einer klaren Glastrennwand. Dieser Bereich zeichnet sich durch sanfte Beleuchtung, minimalistisches Dekor und einen wei\u00dfen Schrank mit einem kleinen Abfallbeh\u00e4lter daneben aus, der sich perfekt f\u00fcr Pedik\u00fcre und Salon-Manik\u00fcre eignet. - Kattowitz\" role=\"img\" ><\/div>\n\t\t\t\t\t\t\t\t\t\t\t\t\t\t<\/a>\n\t\t\t\t\t\t\t<a class=\"e-gallery-item elementor-gallery-item elementor-animated-content\" href=\"https:\/\/nailsheaven.pl\/wp-content\/uploads\/2023\/10\/zz_MG_3064.jpg\">\n\t\t\t\t\t<div class=\"e-gallery-image elementor-gallery-item__image\" data-thumbnail=\"https:\/\/nailsheaven.pl\/wp-content\/uploads\/2023\/10\/zz_MG_3064-1024x682.jpg\" data-width=\"800\" data-height=\"533\" aria-label=\"N\u00e4gel \u2013 Das moderne Interieur eines Nagelstudios in Katowice pr\u00e4sentiert links eine wei\u00df-goldene Empfangstheke mit dem \u201eNail&#039;s Heaven\u201c-Logo. Auf der rechten Seite befindet sich eine Beauty-Station f\u00fcr Manik\u00fcre und Pedik\u00fcre, dekoriert mit minimalistischem Dekor und sanfter Beleuchtung. - Kattowitz\" role=\"img\" ><\/div>\n\t\t\t\t\t\t\t\t\t\t\t\t\t\t<\/a>\n\t\t\t\t\t\t\t<a class=\"e-gallery-item elementor-gallery-item elementor-animated-content\" href=\"https:\/\/nailsheaven.pl\/wp-content\/uploads\/2023\/11\/Projekt-bez-nazwy-5.jpg\">\n\t\t\t\t\t<div class=\"e-gallery-image elementor-gallery-item__image\" data-thumbnail=\"https:\/\/nailsheaven.pl\/wp-content\/uploads\/2023\/11\/Projekt-bez-nazwy-5-1024x357.jpg\" data-width=\"800\" data-height=\"279\" aria-label=\"Front\" role=\"img\" ><\/div>\n\t\t\t\t\t\t\t\t\t\t\t\t\t\t<\/a>\n\t\t\t\t\t\t\t<a class=\"e-gallery-item elementor-gallery-item elementor-animated-content\" href=\"https:\/\/nailsheaven.pl\/wp-content\/uploads\/2023\/10\/MG_3024.jpg\">\n\t\t\t\t\t<div class=\"e-gallery-image elementor-gallery-item__image\" data-thumbnail=\"https:\/\/nailsheaven.pl\/wp-content\/uploads\/2023\/10\/MG_3024-1024x682.jpg\" data-width=\"800\" data-height=\"533\" aria-label=\"Nails \u2013 Im Herzen von Kattowitz bietet ein moderner Sch\u00f6nheitssalon ein Interieur mit makellos wei\u00dfen W\u00e4nden und gl\u00e4nzenden Fliesenb\u00f6den. Mehrere Manik\u00fcrestationen mit schicken wei\u00dfen St\u00fchlen und farbenfrohen Nagellackdisplays s\u00e4umen eine Wand, w\u00e4hrend auf der Rezeption rechts das \u201eNails Heaven\u201c-Logo zu sehen ist. Im Hintergrund warten gem\u00fctliche Sitzpl\u00e4tze. - Kattowitz\" role=\"img\" ><\/div>\n\t\t\t\t\t\t\t\t\t\t\t\t\t\t<\/a>\n\t\t\t\t\t\t\t<a class=\"e-gallery-item elementor-gallery-item elementor-animated-content\" href=\"https:\/\/nailsheaven.pl\/wp-content\/uploads\/2023\/10\/MG_3039.jpg\">\n\t\t\t\t\t<div class=\"e-gallery-image elementor-gallery-item__image\" data-thumbnail=\"https:\/\/nailsheaven.pl\/wp-content\/uploads\/2023\/10\/MG_3039-1024x683.jpg\" data-width=\"800\" data-height=\"534\" aria-label=\"Nails \u2013 Ein moderner Sch\u00f6nheitssalon in Katowice mit elegantem, minimalistischem Design. Es verf\u00fcgt \u00fcber drei Manik\u00fcre- und Pedik\u00fcrestationen mit wei\u00dfen St\u00fchlen und Tischen, organisierten Nagellackregalen an der Wand und sanfter Beleuchtung. Der Raum ist sauber und hell mit gro\u00dfen Bodenfliesen. - Kattowitz\" role=\"img\" ><\/div>\n\t\t\t\t\t\t\t\t\t\t\t\t\t\t<\/a>\n\t\t\t\t\t\t\t<a class=\"e-gallery-item elementor-gallery-item elementor-animated-content\" href=\"https:\/\/nailsheaven.pl\/wp-content\/uploads\/2023\/10\/MG_3051.jpg\">\n\t\t\t\t\t<div class=\"e-gallery-image elementor-gallery-item__image\" data-thumbnail=\"https:\/\/nailsheaven.pl\/wp-content\/uploads\/2023\/10\/MG_3051-1024x683.jpg\" data-width=\"800\" data-height=\"534\" aria-label=\"Nails \u2013 Heller, moderner Sch\u00f6nheitssalon in Kattowitz mit wei\u00df-goldenem Dekor. Es bietet Manik\u00fcre- und Pedik\u00fcrestationen mit Lampen, einen gem\u00fctlichen Loungebereich mit St\u00fchlen und einem Sofa sowie eine Rezeption. Die Glasw\u00e4nde bieten einen atemberaubenden Blick auf das Einkaufszentrum drau\u00dfen. - Kattowitz\" role=\"img\" ><\/div>\n\t\t\t\t\t\t\t\t\t\t\t\t\t\t<\/a>\n\t\t\t\t\t\t\t<a class=\"e-gallery-item elementor-gallery-item elementor-animated-content\" href=\"https:\/\/nailsheaven.pl\/wp-content\/uploads\/2017\/01\/e32a3f4c-7bcf-4147-a129-29d78cbf010f-e1700423281995.jpg\">\n\t\t\t\t\t<div class=\"e-gallery-image elementor-gallery-item__image\" data-thumbnail=\"https:\/\/nailsheaven.pl\/wp-content\/uploads\/2017\/01\/e32a3f4c-7bcf-4147-a129-29d78cbf010f-991x1024.jpg\" data-width=\"800\" data-height=\"827\" aria-label=\"Nails \u2013 Ein stilvoller Schminktisch mit gepolstertem Stuhl, beleuchtetem Spiegel und einer sorgf\u00e4ltig geordneten Kosmetikkollektion. Pampasgras schm\u00fcckt eine Seite, w\u00e4hrend in der Ecke eine kleine Vase mit wei\u00dfen Blumen steht und einen Hauch von Eleganz verleiht \u2013 perfekt, um Ihren Brauenstil zu perfektionieren. - Kattowitz\" role=\"img\" ><\/div>\n\t\t\t\t\t\t\t\t\t\t\t\t\t\t<\/a>\n\t\t\t\t\t<\/div>\n\t\t\t\t\t<\/div>\n\t\t\t\t<\/div>\n\t\t\t\t<div class=\"elementor-element elementor-element-43b36a1 elementor-widget__width-initial elementor-widget elementor-widget-text-editor\" data-id=\"43b36a1\" data-element_type=\"widget\" data-e-type=\"widget\" data-widget_type=\"text-editor.default\">\n\t\t\t\t\t\t\t\t\t<p>Ein ger\u00e4umiger und heller Innenraum, ein entspannender Pedik\u00fcrebereich und erstklassiger Service sorgen daf\u00fcr, dass Sie sich wie im Himmel f\u00fchlen!<\/p><p><strong>Wir bieten ein breites Spektrum an Manik\u00fcre- und Pedik\u00fcre-Behandlungen an, bei denen Sie bei k\u00f6stlichem Kaffee wahre Entspannung und Entspannung erleben werden.<\/strong><\/p><p>Wir zeichnen uns durch h\u00f6chste Qualit\u00e4t der Dienstleistungen und Produkte sowie neueste Lackkollektionen entsprechend den aktuellen Trends aus.<\/p><p><strong>Wir sehen uns im Nail&#039;s Heaven.<\/strong><\/p>\t\t\t\t\t\t\t\t<\/div>\n\t\t\t\t<div class=\"elementor-element elementor-element-4851732 elementor-headline--style-highlight elementor-widget elementor-widget-animated-headline\" data-id=\"4851732\" data-element_type=\"widget\" data-e-type=\"widget\" data-settings=\"{&quot;marker&quot;:&quot;curly&quot;,&quot;highlighted_text&quot;:&quot;Nail\\u2019s HEAVEN,&quot;,&quot;headline_style&quot;:&quot;highlight&quot;,&quot;loop&quot;:&quot;yes&quot;,&quot;highlight_animation_duration&quot;:1200,&quot;highlight_iteration_delay&quot;:8000}\" data-widget_type=\"animated-headline.default\">\n\t\t\t\t\t\t\t<p class=\"elementor-headline\">\n\t\t\t\t\t<span class=\"elementor-headline-plain-text elementor-headline-text-wrapper\">Willkommen bei <\/span>\n\t\t\t\t<span class=\"elementor-headline-dynamic-wrapper elementor-headline-text-wrapper\">\n\t\t\t\t\t<span class=\"elementor-headline-dynamic-text elementor-headline-text-active\">Nagels HIMMEL,<\/span>\n\t\t\t\t<\/span>\n\t\t\t\t\t<span class=\"elementor-headline-plain-text elementor-headline-text-wrapper\"> der einzige Ort dieser Art auf der Karte von Kattowitz.<\/span>\n\t\t\t\t\t<\/p>\n\t\t\t\t\t\t<\/div>\n\t\t\t\t\t<\/div>\n\t\t\t\t<\/div>\n\t\t<div class=\"elementor-element elementor-element-563e5bf e-flex e-con-boxed e-con e-parent\" data-id=\"563e5bf\" data-element_type=\"container\" data-e-type=\"container\">\n\t\t\t\t\t<div class=\"e-con-inner\">\n\t\t\t\t<div class=\"elementor-element elementor-element-612e5a5 kontakt elementor-widget elementor-widget-spacer\" data-id=\"612e5a5\" data-element_type=\"widget\" data-e-type=\"widget\" id=\"kontakt\" data-widget_type=\"spacer.default\">\n\t\t\t\t\t\t\t<div class=\"elementor-spacer\">\n\t\t\t<div class=\"elementor-spacer-inner\"><\/div>\n\t\t<\/div>\n\t\t\t\t\t\t<\/div>\n\t\t\t\t\t<\/div>\n\t\t\t\t<\/div>\n\t\t<div class=\"elementor-element elementor-element-fb8c14b e-flex e-con-boxed e-con e-parent\" data-id=\"fb8c14b\" data-element_type=\"container\" data-e-type=\"container\">\n\t\t\t\t\t<div class=\"e-con-inner\">\n\t\t\t\t<div class=\"elementor-element elementor-element-e2f978e elementor-headline--style-highlight elementor-widget elementor-widget-animated-headline\" data-id=\"e2f978e\" data-element_type=\"widget\" data-e-type=\"widget\" data-settings=\"{&quot;marker&quot;:&quot;curly&quot;,&quot;highlighted_text&quot;:&quot;Manicure i Pedicure &quot;,&quot;headline_style&quot;:&quot;highlight&quot;,&quot;loop&quot;:&quot;yes&quot;,&quot;highlight_animation_duration&quot;:1200,&quot;highlight_iteration_delay&quot;:8000}\" data-widget_type=\"animated-headline.default\">\n\t\t\t\t\t\t\t<h2 class=\"elementor-headline\">\n\t\t\t\t\t<span class=\"elementor-headline-plain-text elementor-headline-text-wrapper\"> Der beste Salon <\/span>\n\t\t\t\t<span class=\"elementor-headline-dynamic-wrapper elementor-headline-text-wrapper\">\n\t\t\t\t\t<span class=\"elementor-headline-dynamic-text elementor-headline-text-active\">Manik\u00fcre und Pedik\u00fcre <\/span>\n\t\t\t\t<\/span>\n\t\t\t\t\t<span class=\"elementor-headline-plain-text elementor-headline-text-wrapper\">in Kattowitz<\/span>\n\t\t\t\t\t<\/h2>\n\t\t\t\t\t\t<\/div>\n\t\t\t\t\t<\/div>\n\t\t\t\t<\/div>\n\t\t\t\t<\/div>","protected":false},"excerpt":{"rendered":"<p>Wir bieten ein breites Spektrum an Manik\u00fcre- und Pedik\u00fcre-Behandlungen an, bei denen Sie bei k\u00f6stlichem Kaffee wahre Entspannung und Entspannung erleben werden.<\/p>","protected":false},"author":4,"featured_media":0,"parent":0,"menu_order":4,"comment_status":"closed","ping_status":"closed","template":"","meta":{"_seopress_robots_primary_cat":"","_seopress_titles_title":"","_seopress_titles_desc":"","_seopress_robots_index":"","footnotes":""},"class_list":["post-836","page","type-page","status-publish"],"_links":{"self":[{"href":"https:\/\/nailsheaven.pl\/de\/wp-json\/wp\/v2\/pages\/836","targetHints":{"allow":["GET"]}}],"collection":[{"href":"https:\/\/nailsheaven.pl\/de\/wp-json\/wp\/v2\/pages"}],"about":[{"href":"https:\/\/nailsheaven.pl\/de\/wp-json\/wp\/v2\/types\/page"}],"author":[{"embeddable":true,"href":"https:\/\/nailsheaven.pl\/de\/wp-json\/wp\/v2\/users\/4"}],"replies":[{"embeddable":true,"href":"https:\/\/nailsheaven.pl\/de\/wp-json\/wp\/v2\/comments?post=836"}],"version-history":[{"count":24,"href":"https:\/\/nailsheaven.pl\/de\/wp-json\/wp\/v2\/pages\/836\/revisions"}],"predecessor-version":[{"id":3926,"href":"https:\/\/nailsheaven.pl\/de\/wp-json\/wp\/v2\/pages\/836\/revisions\/3926"}],"wp:attachment":[{"href":"https:\/\/nailsheaven.pl\/de\/wp-json\/wp\/v2\/media?parent=836"}],"curies":[{"name":"wp","href":"https:\/\/api.w.org\/{rel}","templated":true}]}}